{"id":121,"date":"2023-08-05T16:44:13","date_gmt":"2023-08-05T21:44:13","guid":{"rendered":"https:\/\/bioma.space\/cafe-uba\/?page_id=121"},"modified":"2023-08-05T18:13:13","modified_gmt":"2023-08-05T23:13:13","slug":"nosotros","status":"publish","type":"page","link":"https:\/\/bioma.space\/cafe-uba\/nosotros\/","title":{"rendered":"Nosotros"},"content":{"rendered":"\t\t<div data-elementor-type=\"wp-page\" data-elementor-id=\"121\" class=\"elementor elementor-121\">\n\t\t\t\t\t\t\t\t\t<section class=\"elementor-section elementor-top-section elementor-element elementor-element-f1ea25a elementor-section-height-min-height elementor-section-boxed elementor-section-height-default elementor-section-items-middle\" data-id=\"f1ea25a\" data-element_type=\"section\" data-settings=\"{&quot;background_background&quot;:&quot;classic&quot;}\">\n\t\t\t\t\t\t<div class=\"elementor-container elementor-column-gap-default\">\n\t\t\t\t\t<div class=\"elementor-column elementor-col-100 elementor-top-column elementor-element elementor-element-94c5498\" data-id=\"94c5498\" data-element_type=\"column\">\n\t\t\t<div class=\"elementor-widget-wrap elementor-element-populated\">\n\t\t\t\t\t\t\t\t<div class=\"elementor-element elementor-element-a4031d1 elementor-widget__width-auto elementor-widget elementor-widget-heading\" data-id=\"a4031d1\" data-element_type=\"widget\" data-widget_type=\"heading.default\">\n\t\t\t\t<div class=\"elementor-widget-container\">\n\t\t\t<style>\/*! elementor - v3.15.0 - 20-08-2023 *\/\n.elementor-heading-title{padding:0;margin:0;line-height:1}.elementor-widget-heading .elementor-heading-title[class*=elementor-size-]>a{color:inherit;font-size:inherit;line-height:inherit}.elementor-widget-heading .elementor-heading-title.elementor-size-small{font-size:15px}.elementor-widget-heading .elementor-heading-title.elementor-size-medium{font-size:19px}.elementor-widget-heading .elementor-heading-title.elementor-size-large{font-size:29px}.elementor-widget-heading .elementor-heading-title.elementor-size-xl{font-size:39px}.elementor-widget-heading .elementor-heading-title.elementor-size-xxl{font-size:59px}<\/style><h2 class=\"elementor-heading-title elementor-size-default\">NOSOTROS<\/h2>\t\t<\/div>\n\t\t\t\t<\/div>\n\t\t\t\t\t<\/div>\n\t\t<\/div>\n\t\t\t\t\t\t\t<\/div>\n\t\t<\/section>\n\t\t\t\t<section class=\"elementor-section elementor-top-section elementor-element elementor-element-9763e6b elementor-section-full_width elementor-section-content-middle elementor-reverse-mobile elementor-section-height-default elementor-section-height-default\" data-id=\"9763e6b\" data-element_type=\"section\">\n\t\t\t\t\t\t<div class=\"elementor-container elementor-column-gap-default\">\n\t\t\t\t\t<div class=\"elementor-column elementor-col-50 elementor-top-column elementor-element elementor-element-a1cd96a\" data-id=\"a1cd96a\" data-element_type=\"column\" data-settings=\"{&quot;background_background&quot;:&quot;classic&quot;}\">\n\t\t\t<div class=\"elementor-widget-wrap elementor-element-populated\">\n\t\t\t\t\t\t\t\t<div class=\"elementor-element elementor-element-cac63ef elementor-widget elementor-widget-spacer\" data-id=\"cac63ef\" data-element_type=\"widget\" data-widget_type=\"spacer.default\">\n\t\t\t\t<div class=\"elementor-widget-container\">\n\t\t\t<style>\/*! elementor - v3.15.0 - 20-08-2023 *\/\n.elementor-column .elementor-spacer-inner{height:var(--spacer-size)}.e-con{--container-widget-width:100%}.e-con-inner>.elementor-widget-spacer,.e-con>.elementor-widget-spacer{width:var(--container-widget-width,var(--spacer-size));--align-self:var(--container-widget-align-self,initial);--flex-shrink:0}.e-con-inner>.elementor-widget-spacer>.elementor-widget-container,.e-con-inner>.elementor-widget-spacer>.elementor-widget-container>.elementor-spacer,.e-con>.elementor-widget-spacer>.elementor-widget-container,.e-con>.elementor-widget-spacer>.elementor-widget-container>.elementor-spacer{height:100%}.e-con-inner>.elementor-widget-spacer>.elementor-widget-container>.elementor-spacer>.elementor-spacer-inner,.e-con>.elementor-widget-spacer>.elementor-widget-container>.elementor-spacer>.elementor-spacer-inner{height:var(--container-widget-height,var(--spacer-size))}<\/style>\t\t<div class=\"elementor-spacer\">\n\t\t\t<div class=\"elementor-spacer-inner\"><\/div>\n\t\t<\/div>\n\t\t\t\t<\/div>\n\t\t\t\t<\/div>\n\t\t\t\t\t<\/div>\n\t\t<\/div>\n\t\t\t\t<div class=\"elementor-column elementor-col-50 elementor-top-column elementor-element elementor-element-dc2a8b9 p-relative\" data-id=\"dc2a8b9\" data-element_type=\"column\">\n\t\t\t<div class=\"elementor-widget-wrap elementor-element-populated\">\n\t\t\t\t\t\t\t\t<div class=\"elementor-element elementor-element-23a14b3 elementor-widget elementor-widget-heading\" data-id=\"23a14b3\" data-element_type=\"widget\" data-widget_type=\"heading.default\">\n\t\t\t\t<div class=\"elementor-widget-container\">\n\t\t\t<h2 class=\"elementor-heading-title elementor-size-default\">CAF\u00c9 UBA\u00ae ES UNA MARCA REGISTRADA DE CAF\u00c9 FINO S.A.S.<\/h2>\t\t<\/div>\n\t\t\t\t<\/div>\n\t\t\t\t<div class=\"elementor-element elementor-element-e37cf4b elementor-widget elementor-widget-text-editor\" data-id=\"e37cf4b\" data-element_type=\"widget\" data-widget_type=\"text-editor.default\">\n\t\t\t\t<div class=\"elementor-widget-container\">\n\t\t\t<style>\/*! elementor - v3.15.0 - 20-08-2023 *\/\n.elementor-widget-text-editor.elementor-drop-cap-view-stacked .elementor-drop-cap{background-color:#69727d;color:#fff}.elementor-widget-text-editor.elementor-drop-cap-view-framed .elementor-drop-cap{color:#69727d;border:3px solid;background-color:transparent}.elementor-widget-text-editor:not(.elementor-drop-cap-view-default) .elementor-drop-cap{margin-top:8px}.elementor-widget-text-editor:not(.elementor-drop-cap-view-default) .elementor-drop-cap-letter{width:1em;height:1em}.elementor-widget-text-editor .elementor-drop-cap{float:left;text-align:center;line-height:1;font-size:50px}.elementor-widget-text-editor .elementor-drop-cap-letter{display:inline-block}<\/style>\t\t\t\t<p>Caf\u00e9 Fino es una empresa ubicada en la regi\u00f3n del paisaje cultural cafetero, creada por cafeteros de tercera generaci\u00f3n apasionados por los sabores y aromas propios de un caf\u00e9 especial e interesados por aspectos l\u00fadicos del caf\u00e9 como: su preparaci\u00f3n, el disfrute y el compartir. Nos encargamos de la producci\u00f3n de caf\u00e9s especiales 100% colombianos, de origen sostenible y elaborados de manera responsable.<\/p>\t\t\t\t\t\t<\/div>\n\t\t\t\t<\/div>\n\t\t\t\t<div class=\"elementor-element elementor-element-d9ac4aa elementor-widget__width-auto elementor-absolute icon-nosotros elementor-widget elementor-widget-image\" data-id=\"d9ac4aa\" data-element_type=\"widget\" data-settings=\"{&quot;_position&quot;:&quot;absolute&quot;}\" data-widget_type=\"image.default\">\n\t\t\t\t<div class=\"elementor-widget-container\">\n\t\t\t<style>\/*! elementor - v3.15.0 - 20-08-2023 *\/\n.elementor-widget-image{text-align:center}.elementor-widget-image a{display:inline-block}.elementor-widget-image a img[src$=\".svg\"]{width:48px}.elementor-widget-image img{vertical-align:middle;display:inline-block}<\/style>\t\t\t\t\t\t\t\t\t\t\t\t<img loading=\"lazy\" decoding=\"async\" width=\"100\" height=\"100\" src=\"https:\/\/bioma.space\/cafe-uba\/wp-content\/uploads\/cafe-uba-icono-taza-de-cafe.png\" class=\"attachment-full size-full wp-image-143\" alt=\"\" \/>\t\t\t\t\t\t\t\t\t\t\t\t\t\t\t<\/div>\n\t\t\t\t<\/div>\n\t\t\t\t\t<\/div>\n\t\t<\/div>\n\t\t\t\t\t\t\t<\/div>\n\t\t<\/section>\n\t\t\t\t<section class=\"elementor-section elementor-top-section elementor-element elementor-element-3664887 elementor-section-full_width elementor-section-content-middle elementor-section-height-default elementor-section-height-default\" data-id=\"3664887\" data-element_type=\"section\">\n\t\t\t\t\t\t<div class=\"elementor-container elementor-column-gap-default\">\n\t\t\t\t\t<div class=\"elementor-column elementor-col-50 elementor-top-column elementor-element elementor-element-5791bbb\" data-id=\"5791bbb\" data-element_type=\"column\">\n\t\t\t<div class=\"elementor-widget-wrap elementor-element-populated\">\n\t\t\t\t\t\t\t\t<div class=\"elementor-element elementor-element-9a1b738 elementor-widget elementor-widget-heading\" data-id=\"9a1b738\" data-element_type=\"widget\" data-widget_type=\"heading.default\">\n\t\t\t\t<div class=\"elementor-widget-container\">\n\t\t\t<h2 class=\"elementor-heading-title elementor-size-default\">LA RIVIERA<\/h2>\t\t<\/div>\n\t\t\t\t<\/div>\n\t\t\t\t<div class=\"elementor-element elementor-element-4e0bcf0 elementor-widget elementor-widget-text-editor\" data-id=\"4e0bcf0\" data-element_type=\"widget\" data-widget_type=\"text-editor.default\">\n\t\t\t\t<div class=\"elementor-widget-container\">\n\t\t\t\t\t\t\t<p>Para evolucionar y complementar sus conocimientos en el \u00e1rea de producci\u00f3n de\u00a0<strong>caf\u00e9s ex\u00f3ticos<\/strong>, nace \u201c<strong>La Riviera\u201d<\/strong>. Una finca de experiencias y sensaciones, seleccionada como productora de uno de los mejores caf\u00e9s ex\u00f3ticos de Colombia. La\u00a0<strong>Finca La Riviera <\/strong>es una mezcla de talentos por la selecci\u00f3n de los mejores granos, el respeto y el aseguramiento de cada proceso, as\u00ed como, el compromiso de llevar a la mesa, una taza de caf\u00e9 \u00fanica con aromas y sabores que expresan en el paladar de sus consumidores toda la complejidad, la belleza del paisaje y la cultura cafetera.<\/p>\t\t\t\t\t\t<\/div>\n\t\t\t\t<\/div>\n\t\t\t\t\t<\/div>\n\t\t<\/div>\n\t\t\t\t<div class=\"elementor-column elementor-col-50 elementor-top-column elementor-element elementor-element-8130a20 p-relative\" data-id=\"8130a20\" data-element_type=\"column\" data-settings=\"{&quot;background_background&quot;:&quot;classic&quot;}\">\n\t\t\t<div class=\"elementor-widget-wrap elementor-element-populated\">\n\t\t\t\t\t\t\t\t<div class=\"elementor-element elementor-element-0ac4637 elementor-widget elementor-widget-spacer\" data-id=\"0ac4637\" data-element_type=\"widget\" data-widget_type=\"spacer.default\">\n\t\t\t\t<div class=\"elementor-widget-container\">\n\t\t\t\t\t<div class=\"elementor-spacer\">\n\t\t\t<div class=\"elementor-spacer-inner\"><\/div>\n\t\t<\/div>\n\t\t\t\t<\/div>\n\t\t\t\t<\/div>\n\t\t\t\t<div class=\"elementor-element elementor-element-33e3afc elementor-widget__width-auto elementor-absolute icon-nosotros icon-nosotros--image elementor-widget elementor-widget-image\" data-id=\"33e3afc\" data-element_type=\"widget\" data-settings=\"{&quot;_position&quot;:&quot;absolute&quot;}\" data-widget_type=\"image.default\">\n\t\t\t\t<div class=\"elementor-widget-container\">\n\t\t\t\t\t\t\t\t\t\t\t\t\t\t\t<img loading=\"lazy\" decoding=\"async\" width=\"100\" height=\"100\" src=\"https:\/\/bioma.space\/cafe-uba\/wp-content\/uploads\/cafe-uba-icono-finca.png\" class=\"attachment-full size-full wp-image-175\" alt=\"\" \/>\t\t\t\t\t\t\t\t\t\t\t\t\t\t\t<\/div>\n\t\t\t\t<\/div>\n\t\t\t\t\t<\/div>\n\t\t<\/div>\n\t\t\t\t\t\t\t<\/div>\n\t\t<\/section>\n\t\t\t\t<section class=\"elementor-section elementor-top-section elementor-element elementor-element-b1b86d0 elementor-section-full_width elementor-section-height-default elementor-section-height-default\" data-id=\"b1b86d0\" data-element_type=\"section\">\n\t\t\t\t\t\t<div class=\"elementor-container elementor-column-gap-default\">\n\t\t\t\t\t<div class=\"elementor-column elementor-col-100 elementor-top-column elementor-element elementor-element-5dfe1b5\" data-id=\"5dfe1b5\" data-element_type=\"column\">\n\t\t\t<div class=\"elementor-widget-wrap elementor-element-populated\">\n\t\t\t\t\t\t\t\t<div class=\"elementor-element elementor-element-de7ade2 elementor-pagination-position-inside elementor-widget elementor-widget-image-carousel\" data-id=\"de7ade2\" data-element_type=\"widget\" data-settings=\"{&quot;slides_to_show&quot;:&quot;1&quot;,&quot;navigation&quot;:&quot;dots&quot;,&quot;pause_on_hover&quot;:&quot;no&quot;,&quot;pause_on_interaction&quot;:&quot;no&quot;,&quot;autoplay_speed&quot;:4000,&quot;autoplay&quot;:&quot;yes&quot;,&quot;infinite&quot;:&quot;yes&quot;,&quot;effect&quot;:&quot;slide&quot;,&quot;speed&quot;:500}\" data-widget_type=\"image-carousel.default\">\n\t\t\t\t<div class=\"elementor-widget-container\">\n\t\t\t<style>\/*! elementor - v3.15.0 - 20-08-2023 *\/\n.elementor-widget-image-carousel .swiper,.elementor-widget-image-carousel .swiper-container{position:static}.elementor-widget-image-carousel .swiper-container .swiper-slide figure,.elementor-widget-image-carousel .swiper .swiper-slide figure{line-height:inherit}.elementor-widget-image-carousel .swiper-slide{text-align:center}.elementor-image-carousel-wrapper:not(.swiper-container-initialized):not(.swiper-initialized) .swiper-slide{max-width:calc(100% \/ var(--e-image-carousel-slides-to-show, 3))}<\/style>            <div class=\"elementor-image-carousel-wrapper swiper\" dir=\"ltr\">\n                <div class=\"elementor-image-carousel swiper-wrapper\" aria-live=\"off\">\n\t\t\t\t\t\t\t\t\t\t<div class=\"swiper-slide\"><a data-elementor-open-lightbox=\"yes\" data-elementor-lightbox-slideshow=\"de7ade2\" data-elementor-lightbox-title=\"cafe-uba-finca-cafetera\" data-e-action-hash=\"#elementor-action%3Aaction%3Dlightbox%26settings%3DeyJpZCI6MTk2LCJ1cmwiOiJodHRwczpcL1wvYmlvbWEuc3BhY2VcL2NhZmUtdWJhXC93cC1jb250ZW50XC91cGxvYWRzXC9jYWZlLXViYS1maW5jYS1jYWZldGVyYS0xLmpwZyIsInNsaWRlc2hvdyI6ImRlN2FkZTIifQ%3D%3D\" href=\"https:\/\/bioma.space\/cafe-uba\/wp-content\/uploads\/cafe-uba-finca-cafetera-1.jpg\"><figure class=\"swiper-slide-inner\"><img decoding=\"async\" class=\"swiper-slide-image\" src=\"https:\/\/bioma.space\/cafe-uba\/wp-content\/uploads\/cafe-uba-finca-cafetera-1.jpg\" alt=\"cafe-uba-finca-cafetera\" \/><\/figure><\/a><\/div><div class=\"swiper-slide\"><a data-elementor-open-lightbox=\"yes\" data-elementor-lightbox-slideshow=\"de7ade2\" data-elementor-lightbox-title=\"cafe-uba-secado-de-cafe\" data-e-action-hash=\"#elementor-action%3Aaction%3Dlightbox%26settings%3DeyJpZCI6MjAzLCJ1cmwiOiJodHRwczpcL1wvYmlvbWEuc3BhY2VcL2NhZmUtdWJhXC93cC1jb250ZW50XC91cGxvYWRzXC9jYWZlLXViYS1zZWNhZG8tZGUtY2FmZS5qcGciLCJzbGlkZXNob3ciOiJkZTdhZGUyIn0%3D\" href=\"https:\/\/bioma.space\/cafe-uba\/wp-content\/uploads\/cafe-uba-secado-de-cafe.jpg\"><figure class=\"swiper-slide-inner\"><img decoding=\"async\" class=\"swiper-slide-image\" src=\"https:\/\/bioma.space\/cafe-uba\/wp-content\/uploads\/cafe-uba-secado-de-cafe.jpg\" alt=\"cafe-uba-secado-de-cafe\" \/><\/figure><\/a><\/div><div class=\"swiper-slide\"><a data-elementor-open-lightbox=\"yes\" data-elementor-lightbox-slideshow=\"de7ade2\" data-elementor-lightbox-title=\"cafe-uba-fruto-de-cafe\" data-e-action-hash=\"#elementor-action%3Aaction%3Dlightbox%26settings%3DeyJpZCI6MTk4LCJ1cmwiOiJodHRwczpcL1wvYmlvbWEuc3BhY2VcL2NhZmUtdWJhXC93cC1jb250ZW50XC91cGxvYWRzXC9jYWZlLXViYS1mcnV0by1kZS1jYWZlLmpwZyIsInNsaWRlc2hvdyI6ImRlN2FkZTIifQ%3D%3D\" href=\"https:\/\/bioma.space\/cafe-uba\/wp-content\/uploads\/cafe-uba-fruto-de-cafe.jpg\"><figure class=\"swiper-slide-inner\"><img decoding=\"async\" class=\"swiper-slide-image\" src=\"https:\/\/bioma.space\/cafe-uba\/wp-content\/uploads\/cafe-uba-fruto-de-cafe.jpg\" alt=\"cafe-uba-fruto-de-cafe\" \/><\/figure><\/a><\/div><div class=\"swiper-slide\"><a data-elementor-open-lightbox=\"yes\" data-elementor-lightbox-slideshow=\"de7ade2\" data-elementor-lightbox-title=\"cafe-uba-hombre-en-cafetal\" data-e-action-hash=\"#elementor-action%3Aaction%3Dlightbox%26settings%3DeyJpZCI6MTk5LCJ1cmwiOiJodHRwczpcL1wvYmlvbWEuc3BhY2VcL2NhZmUtdWJhXC93cC1jb250ZW50XC91cGxvYWRzXC9jYWZlLXViYS1ob21icmUtZW4tY2FmZXRhbC5qcGciLCJzbGlkZXNob3ciOiJkZTdhZGUyIn0%3D\" href=\"https:\/\/bioma.space\/cafe-uba\/wp-content\/uploads\/cafe-uba-hombre-en-cafetal.jpg\"><figure class=\"swiper-slide-inner\"><img decoding=\"async\" class=\"swiper-slide-image\" src=\"https:\/\/bioma.space\/cafe-uba\/wp-content\/uploads\/cafe-uba-hombre-en-cafetal.jpg\" alt=\"cafe-uba-hombre-en-cafetal\" \/><\/figure><\/a><\/div><div class=\"swiper-slide\"><a data-elementor-open-lightbox=\"yes\" data-elementor-lightbox-slideshow=\"de7ade2\" data-elementor-lightbox-title=\"cafe-uba-hombre-en-finca-cafetera\" data-e-action-hash=\"#elementor-action%3Aaction%3Dlightbox%26settings%3DeyJpZCI6MjAwLCJ1cmwiOiJodHRwczpcL1wvYmlvbWEuc3BhY2VcL2NhZmUtdWJhXC93cC1jb250ZW50XC91cGxvYWRzXC9jYWZlLXViYS1ob21icmUtZW4tZmluY2EtY2FmZXRlcmEuanBnIiwic2xpZGVzaG93IjoiZGU3YWRlMiJ9\" href=\"https:\/\/bioma.space\/cafe-uba\/wp-content\/uploads\/cafe-uba-hombre-en-finca-cafetera.jpg\"><figure class=\"swiper-slide-inner\"><img decoding=\"async\" class=\"swiper-slide-image\" src=\"https:\/\/bioma.space\/cafe-uba\/wp-content\/uploads\/cafe-uba-hombre-en-finca-cafetera.jpg\" alt=\"cafe-uba-hombre-en-finca-cafetera\" \/><\/figure><\/a><\/div><div class=\"swiper-slide\"><a data-elementor-open-lightbox=\"yes\" data-elementor-lightbox-slideshow=\"de7ade2\" data-elementor-lightbox-title=\"cafe-uba-personas-y-jeeps\" data-e-action-hash=\"#elementor-action%3Aaction%3Dlightbox%26settings%3DeyJpZCI6MjAxLCJ1cmwiOiJodHRwczpcL1wvYmlvbWEuc3BhY2VcL2NhZmUtdWJhXC93cC1jb250ZW50XC91cGxvYWRzXC9jYWZlLXViYS1wZXJzb25hcy15LWplZXBzLmpwZyIsInNsaWRlc2hvdyI6ImRlN2FkZTIifQ%3D%3D\" href=\"https:\/\/bioma.space\/cafe-uba\/wp-content\/uploads\/cafe-uba-personas-y-jeeps.jpg\"><figure class=\"swiper-slide-inner\"><img decoding=\"async\" class=\"swiper-slide-image\" src=\"https:\/\/bioma.space\/cafe-uba\/wp-content\/uploads\/cafe-uba-personas-y-jeeps.jpg\" alt=\"cafe-uba-personas-y-jeeps\" \/><\/figure><\/a><\/div><div class=\"swiper-slide\"><a data-elementor-open-lightbox=\"yes\" data-elementor-lightbox-slideshow=\"de7ade2\" data-elementor-lightbox-title=\"cafe-uba-casa-de-finca-cafetera\" data-e-action-hash=\"#elementor-action%3Aaction%3Dlightbox%26settings%3DeyJpZCI6MTk1LCJ1cmwiOiJodHRwczpcL1wvYmlvbWEuc3BhY2VcL2NhZmUtdWJhXC93cC1jb250ZW50XC91cGxvYWRzXC9jYWZlLXViYS1jYXNhLWRlLWZpbmNhLWNhZmV0ZXJhLmpwZyIsInNsaWRlc2hvdyI6ImRlN2FkZTIifQ%3D%3D\" href=\"https:\/\/bioma.space\/cafe-uba\/wp-content\/uploads\/cafe-uba-casa-de-finca-cafetera.jpg\"><figure class=\"swiper-slide-inner\"><img decoding=\"async\" class=\"swiper-slide-image\" src=\"https:\/\/bioma.space\/cafe-uba\/wp-content\/uploads\/cafe-uba-casa-de-finca-cafetera.jpg\" alt=\"cafe-uba-casa-de-finca-cafetera\" \/><\/figure><\/a><\/div><div class=\"swiper-slide\"><a data-elementor-open-lightbox=\"yes\" data-elementor-lightbox-slideshow=\"de7ade2\" data-elementor-lightbox-title=\"cafe-uba-recolector-de-cafe\" data-e-action-hash=\"#elementor-action%3Aaction%3Dlightbox%26settings%3DeyJpZCI6MjAyLCJ1cmwiOiJodHRwczpcL1wvYmlvbWEuc3BhY2VcL2NhZmUtdWJhXC93cC1jb250ZW50XC91cGxvYWRzXC9jYWZlLXViYS1yZWNvbGVjdG9yLWRlLWNhZmUuanBnIiwic2xpZGVzaG93IjoiZGU3YWRlMiJ9\" href=\"https:\/\/bioma.space\/cafe-uba\/wp-content\/uploads\/cafe-uba-recolector-de-cafe.jpg\"><figure class=\"swiper-slide-inner\"><img decoding=\"async\" class=\"swiper-slide-image\" src=\"https:\/\/bioma.space\/cafe-uba\/wp-content\/uploads\/cafe-uba-recolector-de-cafe.jpg\" alt=\"cafe-uba-recolector-de-cafe\" \/><\/figure><\/a><\/div><div class=\"swiper-slide\"><a data-elementor-open-lightbox=\"yes\" data-elementor-lightbox-slideshow=\"de7ade2\" data-elementor-lightbox-title=\"cafe-uba-finca-lariviera\" data-e-action-hash=\"#elementor-action%3Aaction%3Dlightbox%26settings%3DeyJpZCI6MTk3LCJ1cmwiOiJodHRwczpcL1wvYmlvbWEuc3BhY2VcL2NhZmUtdWJhXC93cC1jb250ZW50XC91cGxvYWRzXC9jYWZlLXViYS1maW5jYS1sYXJpdmllcmEuanBnIiwic2xpZGVzaG93IjoiZGU3YWRlMiJ9\" href=\"https:\/\/bioma.space\/cafe-uba\/wp-content\/uploads\/cafe-uba-finca-lariviera.jpg\"><figure class=\"swiper-slide-inner\"><img decoding=\"async\" class=\"swiper-slide-image\" src=\"https:\/\/bioma.space\/cafe-uba\/wp-content\/uploads\/cafe-uba-finca-lariviera.jpg\" alt=\"cafe-uba-finca-lariviera\" \/><\/figure><\/a><\/div><div class=\"swiper-slide\"><a data-elementor-open-lightbox=\"yes\" data-elementor-lightbox-slideshow=\"de7ade2\" data-elementor-lightbox-title=\"cafe-uba-casa-cafetera\" data-e-action-hash=\"#elementor-action%3Aaction%3Dlightbox%26settings%3DeyJpZCI6MTk0LCJ1cmwiOiJodHRwczpcL1wvYmlvbWEuc3BhY2VcL2NhZmUtdWJhXC93cC1jb250ZW50XC91cGxvYWRzXC9jYWZlLXViYS1jYXNhLWNhZmV0ZXJhLmpwZyIsInNsaWRlc2hvdyI6ImRlN2FkZTIifQ%3D%3D\" href=\"https:\/\/bioma.space\/cafe-uba\/wp-content\/uploads\/cafe-uba-casa-cafetera.jpg\"><figure class=\"swiper-slide-inner\"><img decoding=\"async\" class=\"swiper-slide-image\" src=\"https:\/\/bioma.space\/cafe-uba\/wp-content\/uploads\/cafe-uba-casa-cafetera.jpg\" alt=\"cafe-uba-casa-cafetera\" \/><\/figure><\/a><\/div><div class=\"swiper-slide\"><a data-elementor-open-lightbox=\"yes\" data-elementor-lightbox-slideshow=\"de7ade2\" data-elementor-lightbox-title=\"cafe-uba-trabajadores-cafereros\" data-e-action-hash=\"#elementor-action%3Aaction%3Dlightbox%26settings%3DeyJpZCI6MTkyLCJ1cmwiOiJodHRwczpcL1wvYmlvbWEuc3BhY2VcL2NhZmUtdWJhXC93cC1jb250ZW50XC91cGxvYWRzXC9jYWZlLXViYS10cmFiYWphZG9yZXMtY2FmZXJlcm9zLmpwZyIsInNsaWRlc2hvdyI6ImRlN2FkZTIifQ%3D%3D\" href=\"https:\/\/bioma.space\/cafe-uba\/wp-content\/uploads\/cafe-uba-trabajadores-cafereros.jpg\"><figure class=\"swiper-slide-inner\"><img decoding=\"async\" class=\"swiper-slide-image\" src=\"https:\/\/bioma.space\/cafe-uba\/wp-content\/uploads\/cafe-uba-trabajadores-cafereros.jpg\" alt=\"cafe-uba-trabajadores-cafereros\" \/><\/figure><\/a><\/div><div class=\"swiper-slide\"><a data-elementor-open-lightbox=\"yes\" data-elementor-lightbox-slideshow=\"de7ade2\" data-elementor-lightbox-title=\"cafe-uba-cafe-en-planta\" data-e-action-hash=\"#elementor-action%3Aaction%3Dlightbox%26settings%3DeyJpZCI6MTkzLCJ1cmwiOiJodHRwczpcL1wvYmlvbWEuc3BhY2VcL2NhZmUtdWJhXC93cC1jb250ZW50XC91cGxvYWRzXC9jYWZlLXViYS1jYWZlLWVuLXBsYW50YS5qcGciLCJzbGlkZXNob3ciOiJkZTdhZGUyIn0%3D\" href=\"https:\/\/bioma.space\/cafe-uba\/wp-content\/uploads\/cafe-uba-cafe-en-planta.jpg\"><figure class=\"swiper-slide-inner\"><img decoding=\"async\" class=\"swiper-slide-image\" src=\"https:\/\/bioma.space\/cafe-uba\/wp-content\/uploads\/cafe-uba-cafe-en-planta.jpg\" alt=\"cafe-uba-cafe-en-planta\" \/><\/figure><\/a><\/div>                <\/div>\n\t\t\t\t\t\t\t\t\t                        <div class=\"swiper-pagination\"><\/div>\n\t\t\t\t\t\t\t\t\t\t\t\t\t\t            <\/div>\n\t\t\t\t\t<\/div>\n\t\t\t\t<\/div>\n\t\t\t\t\t<\/div>\n\t\t<\/div>\n\t\t\t\t\t\t\t<\/div>\n\t\t<\/section>\n\t\t\t\t\t\t\t<\/div>\n\t\t","protected":false},"excerpt":{"rendered":"<p>NOSOTROS CAF\u00c9 UBA\u00ae ES UNA MARCA REGISTRADA DE CAF\u00c9 FINO S.A.S. Caf\u00e9 Fino es una empresa ubicada en la regi\u00f3n del paisaje cultural cafetero, creada por cafeteros de tercera generaci\u00f3n apasionados por los sabores y aromas propios de un caf\u00e9 especial e interesados por aspectos l\u00fadicos del caf\u00e9 como: su preparaci\u00f3n, el disfrute y el &hellip;<\/p>\n<p class=\"read-more\"> <a class=\"\" href=\"https:\/\/bioma.space\/cafe-uba\/nosotros\/\"> <span class=\"screen-reader-text\">Nosotros<\/span> Leer m\u00e1s &raquo;<\/a><\/p>\n","protected":false},"author":1,"featured_media":0,"parent":0,"menu_order":0,"comment_status":"closed","ping_status":"closed","template":"","meta":{"site-sidebar-layout":"no-sidebar","site-content-layout":"page-builder","ast-site-content-layout":"","site-content-style":"default","site-sidebar-style":"default","ast-global-header-display":"","ast-banner-title-visibility":"","ast-main-header-display":"","ast-hfb-above-header-display":"","ast-hfb-below-header-display":"","ast-hfb-mobile-header-display":"","site-post-title":"disabled","ast-breadcrumbs-content":"","ast-featured-img":"disabled","footer-sml-layout":"","theme-transparent-header-meta":"","adv-header-id-meta":"","stick-header-meta":"","header-above-stick-meta":"","header-main-stick-meta":"","header-below-stick-meta":"","astra-migrate-meta-layouts":"","footnotes":""},"class_list":["post-121","page","type-page","status-publish","hentry"],"acf":[],"_links":{"self":[{"href":"https:\/\/bioma.space\/cafe-uba\/wp-json\/wp\/v2\/pages\/121","targetHints":{"allow":["GET"]}}],"collection":[{"href":"https:\/\/bioma.space\/cafe-uba\/wp-json\/wp\/v2\/pages"}],"about":[{"href":"https:\/\/bioma.space\/cafe-uba\/wp-json\/wp\/v2\/types\/page"}],"author":[{"embeddable":true,"href":"https:\/\/bioma.space\/cafe-uba\/wp-json\/wp\/v2\/users\/1"}],"replies":[{"embeddable":true,"href":"https:\/\/bioma.space\/cafe-uba\/wp-json\/wp\/v2\/comments?post=121"}],"version-history":[{"count":58,"href":"https:\/\/bioma.space\/cafe-uba\/wp-json\/wp\/v2\/pages\/121\/revisions"}],"predecessor-version":[{"id":219,"href":"https:\/\/bioma.space\/cafe-uba\/wp-json\/wp\/v2\/pages\/121\/revisions\/219"}],"wp:attachment":[{"href":"https:\/\/bioma.space\/cafe-uba\/wp-json\/wp\/v2\/media?parent=121"}],"curies":[{"name":"wp","href":"https:\/\/api.w.org\/{rel}","templated":true}]}}