{"id":3,"date":"2023-07-27T17:08:01","date_gmt":"2023-07-27T22:08:01","guid":{"rendered":"https:\/\/bioma.space\/cafe-uba\/?page_id=3"},"modified":"2023-09-10T18:16:50","modified_gmt":"2023-09-10T23:16:50","slug":"politica-privacidad","status":"publish","type":"page","link":"https:\/\/bioma.space\/cafe-uba\/politica-privacidad\/","title":{"rendered":"Pol\u00edtica de privacidad"},"content":{"rendered":"\t\t<div data-elementor-type=\"wp-page\" data-elementor-id=\"3\" class=\"elementor elementor-3\">\n\t\t\t\t\t\t\t\t\t<section class=\"elementor-section elementor-top-section elementor-element elementor-element-7f4bac45 elementor-section-boxed elementor-section-height-default elementor-section-height-default\" data-id=\"7f4bac45\" data-element_type=\"section\">\n\t\t\t\t\t\t<div class=\"elementor-container elementor-column-gap-default\">\n\t\t\t\t\t<div class=\"elementor-column elementor-col-100 elementor-top-column elementor-element elementor-element-38ddc019\" data-id=\"38ddc019\" data-element_type=\"column\">\n\t\t\t<div class=\"elementor-widget-wrap elementor-element-populated\">\n\t\t\t\t\t\t\t\t<div class=\"elementor-element elementor-element-99a0550 elementor-widget elementor-widget-heading\" data-id=\"99a0550\" data-element_type=\"widget\" data-widget_type=\"heading.default\">\n\t\t\t\t<div class=\"elementor-widget-container\">\n\t\t\t<style>\/*! elementor - v3.15.0 - 20-08-2023 *\/\n.elementor-heading-title{padding:0;margin:0;line-height:1}.elementor-widget-heading .elementor-heading-title[class*=elementor-size-]>a{color:inherit;font-size:inherit;line-height:inherit}.elementor-widget-heading .elementor-heading-title.elementor-size-small{font-size:15px}.elementor-widget-heading .elementor-heading-title.elementor-size-medium{font-size:19px}.elementor-widget-heading .elementor-heading-title.elementor-size-large{font-size:29px}.elementor-widget-heading .elementor-heading-title.elementor-size-xl{font-size:39px}.elementor-widget-heading .elementor-heading-title.elementor-size-xxl{font-size:59px}<\/style><h1 class=\"elementor-heading-title elementor-size-default\">POL\u00cdTICA DE PRIVACIDAD<\/h1>\t\t<\/div>\n\t\t\t\t<\/div>\n\t\t\t\t<div class=\"elementor-element elementor-element-fbdee75 elementor-widget elementor-widget-text-editor\" data-id=\"fbdee75\" data-element_type=\"widget\" data-widget_type=\"text-editor.default\">\n\t\t\t\t<div class=\"elementor-widget-container\">\n\t\t\t<style>\/*! elementor - v3.15.0 - 20-08-2023 *\/\n.elementor-widget-text-editor.elementor-drop-cap-view-stacked .elementor-drop-cap{background-color:#69727d;color:#fff}.elementor-widget-text-editor.elementor-drop-cap-view-framed .elementor-drop-cap{color:#69727d;border:3px solid;background-color:transparent}.elementor-widget-text-editor:not(.elementor-drop-cap-view-default) .elementor-drop-cap{margin-top:8px}.elementor-widget-text-editor:not(.elementor-drop-cap-view-default) .elementor-drop-cap-letter{width:1em;height:1em}.elementor-widget-text-editor .elementor-drop-cap{float:left;text-align:center;line-height:1;font-size:50px}.elementor-widget-text-editor .elementor-drop-cap-letter{display:inline-block}<\/style>\t\t\t\t<p>Gracias por acceder a la p\u00e1gina web\u00a0<strong>https:\/\/cafeuba.com.co\/\u00a0<\/strong>operada por\u00a0<strong>Caf\u00e9 Uba<\/strong>. Nosotros respetamos su privacidad y su informaci\u00f3n personal.<\/p>\n<p>Nuestra Pol\u00edtica de Privacidad explica c\u00f3mo recolectamos, utilizamos y (bajo ciertas condiciones) divulgamos su informaci\u00f3n personal. Esta Pol\u00edtica de Privacidad tambi\u00e9n explica las medidas que hemos tomado para asegurar su informaci\u00f3n personal. Por \u00faltimo, esta pol\u00edtica de privacidad explica los procedimientos que seguimos frente a la recopilaci\u00f3n, uso y divulgaci\u00f3n de su informaci\u00f3n personal.<\/p>\n<p>La protecci\u00f3n de datos es una cuesti\u00f3n de confianza y privacidad, por ello es importante para nosotros. Por lo tanto, utilizaremos solamente su nombre y la informaci\u00f3n referente a Ud. bajo los t\u00e9rminos previstos en nuestra Pol\u00edtica de Privacidad, garantizando los derechos de los titulares de los datos, teniendo en cuenta el decreto 1377 DE 2013, que reglamenta la ley de protecci\u00f3n de Datos en Colombia.<\/p>\n<p>S\u00f3lo mantendremos su informaci\u00f3n durante el tiempo que nos sea requerido por la ley o debido a la relevancia de los propios fines para los que fueron recopilados.<\/p>\n<p>Ud. puede visitar el sitio y navegar sin tener que proporcionar datos personales. Durante su visita al sitio, Ud. permanecer\u00e1 an\u00f3nimo y en ning\u00fan momento podremos identificarlo, a menos que Ud. tenga una cuenta en el sitio e inicie sesi\u00f3n con su nombre de usuario y contrase\u00f1a.<\/p>\n<p><strong>POL\u00cdTICA DE PRIVACIDAD DE LA P\u00c1GINA WEB<\/strong><\/p>\n<p>Cualquier material o dato personal enviado a las p\u00e1ginas web https:\/\/cafeuba.com.co\/ queda amparado por la pol\u00edtica de privacidad de Caf\u00e9 Uba,\u00a0 y por la protecci\u00f3n de datos personales expuesta en el Comunicado de Privacidad que se encuentra en esta misma p\u00e1gina web https:\/\/cafeuba.com.co\/.<\/p>\n<p><strong>\u00bfQU\u00c9 DATOS ALMACENAMOS?<\/strong><\/p>\n<p>Caf\u00e9 Uba. S\u00f3lo recoge los datos personales que usted nos quiera facilitar o que son necesarios para prestar (y mejorar) nuestros servicios. Recogemos datos personales directos, tal como el nombre, domicilio y direcci\u00f3n de e-mail, e informaci\u00f3n indirecta, tal como las cookies (informaci\u00f3n sobre las preferencias del usuario cuando visita una p\u00e1gina web), enlaces e informaci\u00f3n del sistema.<\/p>\n<p>Tienes la posibilidad de facilitarnos tu direcci\u00f3n de e-mail, nombre, n\u00famero de tel\u00e9fono, etc. de forma que te podamos proporcionar informaci\u00f3n sobre nuestros productos; participar en nuestros concursos o encuestas; o, simplemente, mantenerte al d\u00eda sobre las novedades de Caf\u00e9 Uba. que te puedan interesar.<br \/>Puedes estar seguro de que Caf\u00e9 Uba. toma todas las medidas necesarias para guardar de forma privada y asegura cualquier dato que nos env\u00edes.<\/p>\n<p><strong>USOS DE SU INFORMACI\u00d3N PERSONAL<\/strong><\/p>\n<p>Podemos enviarle informaci\u00f3n adicional acerca de nosotros, el Sitio, nuestros otros sitios web, nuestros productos, promociones de ventas, nuestros boletines de noticias, todo lo relacionado con otras marcas de\u00a0<strong>Caf\u00e9 Uba.<\/strong>\u00a0o de nuestros socios de negocios. Si prefiere no recibir este tipo de informaci\u00f3n adicional, como se detalla en este apartado (o cualquier parte de ella), por favor haga clic en el \u2018unsubscribe\u2019 en el enlace de cualquier correo electr\u00f3nico que le enviamos. Dentro de siete (7) d\u00edas h\u00e1biles despu\u00e9s de recibir su instrucci\u00f3n se dejar\u00e1 de enviar la informaci\u00f3n solicitada. Si su instrucci\u00f3n no es clara nos comunicaremos con usted para aclararla.<\/p>\n<p><strong>Exactitud, car\u00e1cter completo y puntualidad de la informaci\u00f3n<\/strong><\/p>\n<p>Aunque usamos todos los medios a nuestro alcance para asegurar la exactitud y el car\u00e1cter completo de la informaci\u00f3n contenida en esta la p\u00e1gina web https:\/\/cafeuba.com.co\/. No asumimos responsabilidad alguna en el caso de que la informaci\u00f3n que se encuentra disponible en la misma no sea exacta o completa. Cualquier modificaci\u00f3n que hagas sobre el material disponible en esta p\u00e1gina web se realizar\u00e1 por tu cuenta y riesgo. As\u00ed mismo, aceptas que ser\u00e1 responsabilidad tuya comprobar los eventuales cambios que se puedan producir.<\/p>\n<p><strong>RESPONSABILIDAD<\/strong><\/p>\n<p>Tanto\u00a0<strong>Caf\u00e9 Uba<\/strong>\u00a0como cualquier tercero implicado en la creaci\u00f3n, producci\u00f3n o distribuci\u00f3n de esta p\u00e1gina web https:\/\/cafeuba.com.co\/en nuestro nombre no tendr\u00e1n ning\u00fan tipo de responsabilidad, en ning\u00fan caso, por da\u00f1os directos, fortuitos, consecutivos, indirectos, especiales o punitivos ni por costes, p\u00e9rdidas o responsabilidades, cualquiera que sea la forma en que se deriven de tu acceso, uso o incapacidad de uso, del cambio en el contenido de esta p\u00e1gina web, de cualquier otra p\u00e1gina web a la que accediste por medio de un enlace proporcionado en esta p\u00e1gina o de la m\u00e1xima amplitud permitida por la legislaci\u00f3n aplicable, motivados por cualquier medida que nosotros tomamos o dejamos de tomar como resultado de alg\u00fan mensaje que nos enviaste por e-mail \u00f3 a modo de comentario.<\/p>\n<p>Tanto\u00a0<strong>Caf\u00e9 Uba<\/strong>\u00a0como cualquier tercero implicado en la creaci\u00f3n, producci\u00f3n o distribuci\u00f3n de esta p\u00e1gina web https:\/\/cafeuba.com.co\/ no tendr\u00e1n ninguna responsabilidad derivada de mantener el material y los servicios que se encuentran disponibles en esta p\u00e1gina o de realizar correcciones, actualizaciones o eliminaciones de los mismos. Cualquier material contenido en esta p\u00e1gina web est\u00e1 sujeto a cambios sin previo aviso.<\/p>\n<p>A\u00fan m\u00e1s,\u00a0<strong>Caf\u00e9 Uba<\/strong><strong>\u00a0<\/strong>no tendr\u00e1 ning\u00fan tipo de responsabilidad, en ning\u00fan caso, por cualquier da\u00f1o sufrido a consecuencia de alg\u00fan virus que pueda haber infectado tu ordenador u otros aparatos de tu propiedad por causa de tu acceso, uso o descargas de cualquier material de esta p\u00e1gina web. Si optas por descargar material desde esta p\u00e1gina web https:\/\/cafeuba.com.co\/, esa acci\u00f3n se realiza por tu exclusiva cuenta y riesgo.<\/p>\n<p>Con la m\u00e1xima amplitud permitida por la legislaci\u00f3n aplicable, declaras renunciar expresamente a efectuar cualquier reclamaci\u00f3n contra Caf\u00e9 Uba. y sus responsables, directores, empleados, proveedores y programadores que se pueda derivar de tu uso o acceso a esta p\u00e1gina web.<\/p>\n<p><strong>COOKIES<\/strong><\/p>\n<p><strong>Caf\u00e9 Uba<\/strong>, utiliza cookies en<strong>\u00a0https:\/\/cafeuba.com.co\/\u00a0<\/strong>con la \u00fanica finalidad de medir de forma an\u00f3nima datos para mejorar tu experiencia de usuario y mostrarte la informaci\u00f3n y publicidad adaptada a tus h\u00e1bitos de navegaci\u00f3n. Si continuas navegando, entenderemos que aceptas su uso.<\/p>\n<p>Las cookies son peque\u00f1os archivos de texto que identifican a su computadora en nuestro servidor como un usuario \u00fanico. Las cookies se pueden utilizar para reconocer su direcci\u00f3n de protocolo de Internet, lo que le ahorrar\u00e1 tiempo mientras se encuentra en el Sitio o si quiere entrar a \u00e9l en el futuro.\u00a0La aceptaci\u00f3n de las cookies no es un requisito para visitar el Sitio.<\/p>\n<p>Su navegador puede ser configurado para no aceptar cookies, pero esto podr\u00eda restringir su uso del Sitio y limitar su experiencia en el mismo. El uso de cookies no contiene ni afecta datos de car\u00e1cter personal o privado y no representa peligro de virus. Si desea obtener m\u00e1s informaci\u00f3n acerca de las cookies, vaya a http:\/\/www.allaboutcookies.org o para obtener informaci\u00f3n sobre la eliminaci\u00f3n de ellos desde el navegador, visite http:\/\/www.allaboutcookies.org\/manage-cookies\/index.html.<\/p>\n<p><strong>SUS DERECHOS<\/strong><\/p>\n<p>Si usted est\u00e1 preocupado acerca de sus datos tiene el derecho de solicitar de forma gratuita el acceso a los datos personales que podamos tener o procesar, Ud. tiene el derecho de obligarnos a corregir cualquier inexactitud en los datos de forma gratuita. En cualquier momento, Ud. Tambi\u00e9n tiene derecho a pedirnos que dejemos de utilizar sus datos personales para todos los fines. Lo anterior podr\u00e1 realizarse mediante solicitud escrita dirigida a\u00a0<strong>Caf\u00e9 Uba.\u00a0<\/strong>\u00a0al correo electr\u00f3nico:\u00a0<strong>ventas@cafeuba.com.co<\/strong>\u00a0Las dem\u00e1s peticiones, reclamos, solicitudes, quejas o felicitaciones ser\u00e1n atendidos en el mismo correo o en el celular\u00a0<strong>+57 320 538 2305\u00a0<\/strong>.<\/p>\n<p><strong>PROTECCI\u00d3N DE DATOS<\/strong><\/p>\n<p>De acuerdo a lo previsto por la Ley 1581 de 2012 y por el Decreto 1377 de 2013; Caf\u00e9 Uba. con su marca comercial\u00a0<strong>https:\/\/cafeuba.com.co\/<\/strong>\u00a0informa a sus clientes y usuarios que la informaci\u00f3n que registren en el portal https:\/\/cafeuba.com.co\/, es recolectada con autorizaci\u00f3n previa, expresa e informada. Estos datos ser\u00e1n almacenados en bases de datos regidas por pol\u00edticas de seguridad y confidencialidad; y ser\u00e1n tambi\u00e9n utilizados para env\u00edos de comunicados, promociones, ofertas, eventos u otros fines publicitarios.<\/p>\n<p>Los datos personales de los usuarios de este sitio podr\u00e1n ser editados cuando el cliente as\u00ed lo requiera, as\u00ed mismo el usuario podr\u00e1 solicitar la rectificaci\u00f3n, cancelaci\u00f3n y oposici\u00f3n al tratamiento de sus datos personales de forma escrita o a trav\u00e9s del correo electr\u00f3nico\u00a0<strong>ventas@cafeuba.com.co<\/strong>.<\/p>\n<p>De igual manera si el usuario no desea recibir m\u00e1s informaci\u00f3n por parte de Caf\u00e9 Uba. lo puede solicitar por cualquiera de los medios mencionados anteriormente. Cualquier inquietud relacionada con el tratamiento de sus datos personales puede comunicarse con nosotros a la l\u00ednea de servicio al cliente en\u00a0<strong>Pereira<\/strong>\u00a0al celular\u00a0<strong>+57 320 538 2305 .<\/strong><\/p>\n<p>El usuario podr\u00e1 presentar sus quejas o reclamaciones por transgresiones o incumplimientos a lo dispuesto en la presente ley, contemplando modificaciones, adiciones o ampliaciones que surjan, a la Superintendencia de Industria y Comercio.<\/p>\n<p>Adicionalmente y de conformidad con el art\u00edculo 10 del Decreto 1377 de 2013, solicitamos a nuestros clientes su autorizaci\u00f3n para que Caf\u00e9 Uba. con su marca comercial https:\/\/cafeuba.com.co\/ contin\u00fae realizando el tratamiento de sus datos de conformidad con la pol\u00edtica de tratamiento de datos que podr\u00e1 ser consultada en las p\u00e1ginas web https:\/\/cafeuba.com.co\/.<\/p>\n<p>Si en el t\u00e9rmino de treinta (30) d\u00edas h\u00e1biles contados a partir de \u00e9sta comunicaci\u00f3n, no hemos recibido de parte suya solicitud en el sentido de suprimir sus datos; la organizaci\u00f3n podr\u00e1 continuar realizando el tratamiento de sus datos de conformidad con la pol\u00edtica de tratamiento de datos y lo enunciado en el presente correo. La solicitud de supresi\u00f3n de datos se podr\u00e1 efectuar al correo electr\u00f3nico\u00a0<strong>ventas@cafeuba.com.co<\/strong><\/p>\t\t\t\t\t\t<\/div>\n\t\t\t\t<\/div>\n\t\t\t\t\t<\/div>\n\t\t<\/div>\n\t\t\t\t\t\t\t<\/div>\n\t\t<\/section>\n\t\t\t\t\t\t\t<\/div>\n\t\t","protected":false},"excerpt":{"rendered":"<p>POL\u00cdTICA DE PRIVACIDAD Gracias por acceder a la p\u00e1gina web\u00a0https:\/\/cafeuba.com.co\/\u00a0operada por\u00a0Caf\u00e9 Uba. Nosotros respetamos su privacidad y su informaci\u00f3n personal. Nuestra Pol\u00edtica de Privacidad explica c\u00f3mo recolectamos, utilizamos y (bajo ciertas condiciones) divulgamos su informaci\u00f3n personal. Esta Pol\u00edtica de Privacidad tambi\u00e9n explica las medidas que hemos tomado para asegurar su informaci\u00f3n personal. Por \u00faltimo, esta &hellip;<\/p>\n<p class=\"read-more\"> <a class=\"\" href=\"https:\/\/bioma.space\/cafe-uba\/politica-privacidad\/\"> <span class=\"screen-reader-text\">Pol\u00edtica de privacidad<\/span> Leer m\u00e1s &raquo;<\/a><\/p>\n","protected":false},"author":1,"featured_media":0,"parent":0,"menu_order":0,"comment_status":"closed","ping_status":"open","template":"","meta":{"site-sidebar-layout":"default","site-content-layout":"","ast-site-content-layout":"default","site-content-style":"default","site-sidebar-style":"default","ast-global-header-display":"","ast-banner-title-visibility":"","ast-main-header-display":"","ast-hfb-above-header-display":"","ast-hfb-below-header-display":"","ast-hfb-mobile-header-display":"","site-post-title":"","ast-breadcrumbs-content":"","ast-featured-img":"","footer-sml-layout":"","theme-transparent-header-meta":"","adv-header-id-meta":"","stick-header-meta":"","header-above-stick-meta":"","header-main-stick-meta":"","header-below-stick-meta":"","astra-migrate-meta-layouts":"set","footnotes":""},"class_list":["post-3","page","type-page","status-publish","hentry"],"acf":[],"_links":{"self":[{"href":"https:\/\/bioma.space\/cafe-uba\/wp-json\/wp\/v2\/pages\/3","targetHints":{"allow":["GET"]}}],"collection":[{"href":"https:\/\/bioma.space\/cafe-uba\/wp-json\/wp\/v2\/pages"}],"about":[{"href":"https:\/\/bioma.space\/cafe-uba\/wp-json\/wp\/v2\/types\/page"}],"author":[{"embeddable":true,"href":"https:\/\/bioma.space\/cafe-uba\/wp-json\/wp\/v2\/users\/1"}],"replies":[{"embeddable":true,"href":"https:\/\/bioma.space\/cafe-uba\/wp-json\/wp\/v2\/comments?post=3"}],"version-history":[{"count":4,"href":"https:\/\/bioma.space\/cafe-uba\/wp-json\/wp\/v2\/pages\/3\/revisions"}],"predecessor-version":[{"id":651,"href":"https:\/\/bioma.space\/cafe-uba\/wp-json\/wp\/v2\/pages\/3\/revisions\/651"}],"wp:attachment":[{"href":"https:\/\/bioma.space\/cafe-uba\/wp-json\/wp\/v2\/media?parent=3"}],"curies":[{"name":"wp","href":"https:\/\/api.w.org\/{rel}","templated":true}]}}