{"id":340,"date":"2023-09-10T18:12:33","date_gmt":"2023-09-10T23:12:33","guid":{"rendered":"https:\/\/bioma.space\/cafe-uba\/?page_id=340"},"modified":"2023-09-10T18:14:11","modified_gmt":"2023-09-10T23:14:11","slug":"reembolso_devoluciones","status":"publish","type":"page","link":"https:\/\/bioma.space\/cafe-uba\/reembolso_devoluciones\/","title":{"rendered":"T\u00e9rminos y condiciones"},"content":{"rendered":"\t\t<div data-elementor-type=\"wp-page\" data-elementor-id=\"340\" class=\"elementor elementor-340\">\n\t\t\t\t\t\t\t\t\t<section class=\"elementor-section elementor-top-section elementor-element elementor-element-594f1266 elementor-section-boxed elementor-section-height-default elementor-section-height-default\" data-id=\"594f1266\" data-element_type=\"section\">\n\t\t\t\t\t\t<div class=\"elementor-container elementor-column-gap-default\">\n\t\t\t\t\t<div class=\"elementor-column elementor-col-100 elementor-top-column elementor-element elementor-element-7c3d8708\" data-id=\"7c3d8708\" data-element_type=\"column\">\n\t\t\t<div class=\"elementor-widget-wrap elementor-element-populated\">\n\t\t\t\t\t\t\t\t<div class=\"elementor-element elementor-element-235adc1 elementor-widget elementor-widget-heading\" data-id=\"235adc1\" data-element_type=\"widget\" data-widget_type=\"heading.default\">\n\t\t\t\t<div class=\"elementor-widget-container\">\n\t\t\t<style>\/*! elementor - v3.15.0 - 20-08-2023 *\/\n.elementor-heading-title{padding:0;margin:0;line-height:1}.elementor-widget-heading .elementor-heading-title[class*=elementor-size-]>a{color:inherit;font-size:inherit;line-height:inherit}.elementor-widget-heading .elementor-heading-title.elementor-size-small{font-size:15px}.elementor-widget-heading .elementor-heading-title.elementor-size-medium{font-size:19px}.elementor-widget-heading .elementor-heading-title.elementor-size-large{font-size:29px}.elementor-widget-heading .elementor-heading-title.elementor-size-xl{font-size:39px}.elementor-widget-heading .elementor-heading-title.elementor-size-xxl{font-size:59px}<\/style><h1 class=\"elementor-heading-title elementor-size-default\">T\u00c9RMINOS Y CONDICIONES<\/h1>\t\t<\/div>\n\t\t\t\t<\/div>\n\t\t\t\t<div class=\"elementor-element elementor-element-4486c87 elementor-widget elementor-widget-text-editor\" data-id=\"4486c87\" data-element_type=\"widget\" data-widget_type=\"text-editor.default\">\n\t\t\t\t<div class=\"elementor-widget-container\">\n\t\t\t<style>\/*! elementor - v3.15.0 - 20-08-2023 *\/\n.elementor-widget-text-editor.elementor-drop-cap-view-stacked .elementor-drop-cap{background-color:#69727d;color:#fff}.elementor-widget-text-editor.elementor-drop-cap-view-framed .elementor-drop-cap{color:#69727d;border:3px solid;background-color:transparent}.elementor-widget-text-editor:not(.elementor-drop-cap-view-default) .elementor-drop-cap{margin-top:8px}.elementor-widget-text-editor:not(.elementor-drop-cap-view-default) .elementor-drop-cap-letter{width:1em;height:1em}.elementor-widget-text-editor .elementor-drop-cap{float:left;text-align:center;line-height:1;font-size:50px}.elementor-widget-text-editor .elementor-drop-cap-letter{display:inline-block}<\/style>\t\t\t\t<p>Gracias por visitar est\u00e1 la p\u00e1gina web de\u00a0<strong>Caf\u00e9 Uba<\/strong>, a trav\u00e9s de\u00a0<strong>\u00a0https:\/\/cafeuba.com.co<\/strong>. Por favor, lee atentamente los T\u00e9rminos y Condiciones contenidos en este documento, ya que cada vez que se usa esta p\u00e1gina web se est\u00e1n aceptando los T\u00e9rminos y Condiciones que aqu\u00ed se exponen.<\/p>\n<p><strong>Propiedad de la p\u00e1gina Web y definici\u00f3n de t\u00e9rminos<\/strong><\/p>\n<p>El presente aviso legal recoge los t\u00e9rminos y condiciones generales que rigen el acceso y el uso del sitio web (http:\/\/<strong>\u00a0https:\/\/cafeuba.com.co<\/strong>\/), del que es titular\u00a0<strong>Caf\u00e9 Uba<\/strong>\u00a0(en adelante\u00a0<strong>Caf\u00e9 Uba<\/strong>), la cual tiene como domicilio la ciudad de Pereira, Risaralda, Colombia.<\/p>\n<p>Los t\u00e9rminos \u201cnosotros\u201d, \u201cnuestro\u201d, \u201c<strong>\u00a0https:\/\/cafeuba.com.co<\/strong>\u201d y \u201c<strong>Caf\u00e9 Uba<\/strong>\u201d , se refieren a\u00a0<strong>Caf\u00e9 Uba<\/strong>\u00a0y cualquiera de sus filiales. \u201cT\u00fa\u201d se refiere a cualquier persona que accede y\/o utiliza esta p\u00e1gina web.<\/p>\n<p>El uso del sitio web implica la expresa y plena aceptaci\u00f3n de estas condiciones generales en la versi\u00f3n publicada en el momento en que el usuario acceda al mismo, sin perjuicio de las condiciones particulares que pudieran aplicarse a algunos de los servicios concretos del sitio web\u00a0<strong>\u00a0https:\/\/cafeuba.com.co<\/strong>. En su caso, la utilizaci\u00f3n de tales servicios significar\u00e1 la aceptaci\u00f3n de las condiciones particulares que les sean aplicables.<\/p>\n<p><strong>Integridad de la p\u00e1gina<\/strong><\/p>\n<p>Esta p\u00e1gina Web se ofrece de manera gratuita.\u00a0<strong>Caf\u00e9 Uba<\/strong>\u00a0se reserva el derecho de restringir, suspender o cancelar, sin previo aviso y en cualquier momento, el acceso a esta p\u00e1gina Web\u00a0<strong>\u00a0https:\/\/cafeuba.com.co<\/strong>, a una parte de la misma o a cualquier funcionalidad espec\u00edfica incorporada en la p\u00e1gina. As\u00ed mismo, nos reservamos el derecho a retirar libremente cualquier contenido de la p\u00e1gina.<\/p>\n<p><strong>Derechos de propiedad intelectual<\/strong><\/p>\n<p><strong>Caf\u00e9 Uba<\/strong>\u00a0\u00f3\u00a0<strong>\u00a0https:\/\/cafeuba.com.co<\/strong>. Todos los derechos reservados.<\/p>\n<p>Todos los derechos de autor y dem\u00e1s derechos de propiedad intelectual referentes a los textos, im\u00e1genes y materiales en general contenidos en esta p\u00e1gina web son propiedad de\u00a0<strong>Caf\u00e9 Uba<\/strong>\u00a0o han sido incluidos con la autorizaci\u00f3n de su correspondiente propietario.<\/p>\n<p>El usuario puedes navegar por esta p\u00e1gina web\u00a0<strong>\u00a0https:\/\/cafeuba.com.co<\/strong>, reproducir extractos por medio de impresi\u00f3n y realizar descargas a un disco duro o a los efectos de distribuci\u00f3n a otras personas f\u00edsicas. Todo esto se puede realizar \u00fanicamente bajo la condici\u00f3n de mantener intactas todas las notas relativas a derechos de autor y a la propiedad de la p\u00e1gina\u00a0<strong>\u00a0https:\/\/cafeuba.com.co<\/strong>\u00a0y que la menci\u00f3n mostrada anteriormente de marca registrada aparezca en tales reproducciones. No se debe vender o distribuir ninguna reproducci\u00f3n de parte alguna de esta p\u00e1gina web\u00a0<strong>\u00a0https:\/\/cafeuba.com.co<\/strong>\u00a0con fines de lucro comercial, ni tampoco podr\u00e1 ser modificada o incorporada a ning\u00fan otro trabajo, publicaci\u00f3n o p\u00e1gina web.<\/p>\n<p>Los textos (informaciones, art\u00edculos, noticias, conceptos, opiniones y otros an\u00e1logos) y todos los elementos gr\u00e1ficos (fotograf\u00edas, dise\u00f1o, logotipos, c\u00f3digo fuente, plantillas y otros an\u00e1logos) que constituyen la pagina\u00a0<strong>\u00a0https:\/\/cafeuba.com.co<\/strong>\u00a0y son incorporadas en esta p\u00e1gina web\u00a0<strong>\u00a0https:\/\/cafeuba.com.co<\/strong>\u00a0pertenecen a\u00a0<strong>Caf\u00e9 Uba<\/strong>. No se debe interpretar, en ning\u00fan caso, que alguno de los contenidos de esta p\u00e1gina web pueda significar la concesi\u00f3n de alguna autorizaci\u00f3n o derecho a utilizar alguna de las marcas comerciales incorporadas en la p\u00e1gina. El uso o el abuso de las marcas registradas mostradas tanto en esta p\u00e1gina web como en cualquier otro contenido de la misma, salvo lo previsto en estos T\u00e9rminos y Condiciones, queda estrictamente prohibido. As\u00ed mismo, advertimos que\u00a0<strong>Caf\u00e9 Uba<\/strong>\u00a0defender\u00e1 sus derechos de propiedad intelectual con el m\u00e1ximo rigor que permita la ley.<\/p>\n<p><strong>Transmisi\u00f3n<\/strong><\/p>\n<p>Cualquier material o comunicaci\u00f3n no personal que transmitas a esta p\u00e1gina web por e-mail o cualquier otro medio, incluyendo datos, preguntas, comentarios, sugerencias o similares, es y ser\u00e1 tratada como no confidencial y sin derechos de propiedad. Cualquier cosa que transmitas o que coloques en la p\u00e1gina\u00a0<strong>\u00a0https:\/\/cafeuba.com.co<\/strong>\u00a0pasa a ser propiedad de\u00a0<strong>Caf\u00e9 Uba<\/strong>\u00a0y se puede utilizar para cualquier finalidad, incluyendo, sin car\u00e1cter limitativo, la reproducci\u00f3n, acceso, transmisi\u00f3n, publicaci\u00f3n, emisi\u00f3n y colocaci\u00f3n de contenidos en la web. A\u00fan m\u00e1s,\u00a0<strong>Caf\u00e9 Uba<\/strong>\u00a0es totalmente libre de usar, para cualquier finalidad que estime oportuna (incluyendo, sin car\u00e1cter limitativo, el desarrollo, fabricaci\u00f3n, publicidad y marketing de productos), las ideas, material gr\u00e1fico, invenciones, desarrollos, sugerencias o conceptos en general contenidos en cualquier comunicaci\u00f3n que env\u00edes a esta p\u00e1gina web\u00a0<strong>\u00a0https:\/\/cafeuba.com.co<\/strong>. Dicho uso no tendr\u00e1 compensaci\u00f3n para la parte que ha facilitado la informaci\u00f3n.<\/p>\n<p>Facilitando dicha informaci\u00f3n, tambi\u00e9n est\u00e1s garantizando que eres el propietario del material\/contenido proporcionado, que no es de car\u00e1cter difamatorio y que su uso por parte de\u00a0<strong>Caf\u00e9 Uba<\/strong>\u00a0no violar\u00e1 derechos de terceras personas ni comportar\u00e1 un incumplimiento por nuestra parte de la legislaci\u00f3n aplicable.\u00a0<strong>Caf\u00e9 Uba<\/strong>\u00a0no tiene ninguna obligaci\u00f3n de utilizar la informaci\u00f3n facilitada.<\/p>\n<p><strong>Protecci\u00f3n de Datos<\/strong><\/p>\n<p>Cualquier dato personal enviado a\u00a0<strong>Caf\u00e9 Uba<\/strong>\u00a0a trav\u00e9s de la p\u00e1gina web\u00a0<strong>\u00a0https:\/\/cafeuba.com.co<\/strong>, queda amparado por la pol\u00edtica de Protecci\u00f3n de Datos de Car\u00e1cter Personal, expuesta en el Documento de (<a href=\"https:\/\/cafeuba.com.co\/politica-privacidad\/\">Pol\u00edtica de Privacidad<\/a>) de\u00a0<strong>Caf\u00e9 Uba<\/strong>\u00a0que se encuentra en esta misma p\u00e1gina Web.<\/p>\n<p><strong>Enlaces con otras p\u00e1ginas web<\/strong><\/p>\n<p>Los enlaces existentes en las p\u00e1ginas web\u00a0<strong>\u00a0https:\/\/cafeuba.com.co<\/strong>\u00a0te pueden llevar fuera de la misma pagina. En ese caso,\u00a0<strong>Caf\u00e9 Uba<\/strong>\u00a0no aceptar\u00e1 ninguna responsabilidad en relaci\u00f3n al contenido, exactitud y funcionamiento de las p\u00e1ginas web de terceras personas. Los enlaces se proporcionan de buena fe y\u00a0<strong>Caf\u00e9 Uba<\/strong>\u00a0no puede ser responsable por las modificaciones que posteriormente se produzcan en p\u00e1ginas web de terceros para las cuales proporcionamos un enlace. La inclusi\u00f3n de un enlace para conectarse con otras p\u00e1ginas web no implica asunci\u00f3n de responsabilidades en relaci\u00f3n a esas p\u00e1ginas por parte de\u00a0<strong>Caf\u00e9 Uba<\/strong>. Te recomendamos encarecidamente que est\u00e9s informado y que leas atentamente las notas legales y de privacidad de todas las p\u00e1ginas web que visites.<\/p>\n<p><strong>Cookies<\/strong><\/p>\n<p><strong>Caf\u00e9 Uba<\/strong>\u00a0utiliza cookies en\u00a0<strong>\u00a0https:\/\/cafeuba.com.co<\/strong>\u00a0con la \u00fanica finalidad de medir de forma an\u00f3nima datos para mejorar tu experiencia de usuario y mostrarte la informaci\u00f3n y publicidad adaptada a tus h\u00e1bitos de navegaci\u00f3n. Si continuas navegando, entenderemos que aceptas su uso. Las cookies son peque\u00f1os archivos de texto que identifican a su computadora en nuestro servidor como un usuario \u00fanico. Las cookies se pueden utilizar para reconocer su direcci\u00f3n de protocolo de Internet, lo que le ahorrar\u00e1 tiempo mientras se encuentra en el Sitio o si quiere entrar a \u00e9l en el futuro.<\/p>\n<p>S\u00f3lo utilizamos cookies para su comodidad en el uso del sitio (por ejemplo, para recordar qui\u00e9n es Ud.) y no para obtener o usar cualquier otra informaci\u00f3n sobre Ud. (por ejemplo de publicidad segmentada u oculta). Su navegador puede ser configurado para no aceptar cookies, pero esto podr\u00eda restringir su uso del Sitio y limitar su experiencia en el mismo.<\/p>\n<p>El uso de cookies no contiene ni afecta datos de car\u00e1cter personal o privado y no representa peligro de virus. Si desea obtener m\u00e1s informaci\u00f3n acerca de las cookies, vaya a\u00a0<a href=\"http:\/\/www.allaboutcookies.org\/\">http:\/\/www.allaboutcookies.org<\/a>\u00a0o para obtener informaci\u00f3n sobre la eliminaci\u00f3n de ellos desde el navegador, visite\u00a0<a href=\"http:\/\/www.allaboutcookies.org\/manage-cookies\/index.html\">http:\/\/www.allaboutcookies.org\/manage-cookies\/index.html.<\/a><\/p>\n<p><strong>Actividades prohibidas<\/strong><\/p>\n<p>Tienes prohibido realizar cualquier acto que, a juicio de\u00a0<strong>Caf\u00e9 Uba<\/strong>, se pueda considerar inapropiado y\/o llegar a considerarse como un acto ilegal o que est\u00e9 prohibido de acuerdo con la legislaci\u00f3n aplicable a esta p\u00e1gina web\u00a0<strong>\u00a0https:\/\/cafeuba.com.co<\/strong>, incluyendo, sin car\u00e1cter limitativo, los siguientes:<\/p>\n<p>Cualquier acto que constituir\u00e1 un incumplimiento de la privacidad (incluyendo transferencias a la p\u00e1gina web de informaci\u00f3n privada sin la autorizaci\u00f3n de la persona afectada) o de cualquier otro de los derechos legales de las personas f\u00edsicas;<\/p>\n<p>Usar esta p\u00e1gina web para difamar o calumniar a\u00a0<strong>Caf\u00e9 Uba<\/strong>, sus empleados u otras personas f\u00edsicas, o actuar de tal manera que se desacredite el buen nombre de\u00a0<strong>Caf\u00e9 Uba<\/strong>;<\/p>\n<p>Transferir a la p\u00e1gina web archivos que contengan virus que puedan causar da\u00f1os a la propiedad de\u00a0<strong>Caf\u00e9 Uba<\/strong>\u00a0o a la propiedad de personas f\u00edsicas; y Colocar o transmitir a esta p\u00e1gina web cualquier material no autorizado, incluyendo, sin car\u00e1cter limitativo, material que probablemente cause, a juicio nuestro, molestias o perjuicios, o bien, violando los sistemas o la seguridad de la red de\u00a0<strong>Caf\u00e9 Uba<\/strong>\u00a0o de terceras personas, material que sea difamatorio, racista, obsceno, amenazador, de contenido pornogr\u00e1fico o que presente cualquier forma de ilegalidad en general.<\/p>\n<p><strong>Actualizaci\u00f3n de notas legales<\/strong><\/p>\n<p>Nos reservamos el derecho de realizar cambios y correcciones en esta nota. Por favor, consulta esta p\u00e1gina de vez en cuando para revisar estas y nuevas informaciones adicionales.<\/p>\n<p>Copyright \u00a9\u00a0<strong>Caf\u00e9 Uba<\/strong>. 2020<\/p>\t\t\t\t\t\t<\/div>\n\t\t\t\t<\/div>\n\t\t\t\t\t<\/div>\n\t\t<\/div>\n\t\t\t\t\t\t\t<\/div>\n\t\t<\/section>\n\t\t\t\t\t\t\t<\/div>\n\t\t","protected":false},"excerpt":{"rendered":"<p>T\u00c9RMINOS Y CONDICIONES Gracias por visitar est\u00e1 la p\u00e1gina web de\u00a0Caf\u00e9 Uba, a trav\u00e9s de\u00a0\u00a0https:\/\/cafeuba.com.co. Por favor, lee atentamente los T\u00e9rminos y Condiciones contenidos en este documento, ya que cada vez que se usa esta p\u00e1gina web se est\u00e1n aceptando los T\u00e9rminos y Condiciones que aqu\u00ed se exponen. Propiedad de la p\u00e1gina Web y definici\u00f3n &hellip;<\/p>\n<p class=\"read-more\"> <a class=\"\" href=\"https:\/\/bioma.space\/cafe-uba\/reembolso_devoluciones\/\"> <span class=\"screen-reader-text\">T\u00e9rminos y condiciones<\/span> Leer m\u00e1s &raquo;<\/a><\/p>\n","protected":false},"author":1,"featured_media":0,"parent":0,"menu_order":0,"comment_status":"closed","ping_status":"closed","template":"","meta":{"site-sidebar-layout":"default","site-content-layout":"","ast-site-content-layout":"default","site-content-style":"default","site-sidebar-style":"default","ast-global-header-display":"","ast-banner-title-visibility":"","ast-main-header-display":"","ast-hfb-above-header-display":"","ast-hfb-below-header-display":"","ast-hfb-mobile-header-display":"","site-post-title":"","ast-breadcrumbs-content":"","ast-featured-img":"","footer-sml-layout":"","theme-transparent-header-meta":"","adv-header-id-meta":"","stick-header-meta":"","header-above-stick-meta":"","header-main-stick-meta":"","header-below-stick-meta":"","astra-migrate-meta-layouts":"set","footnotes":""},"class_list":["post-340","page","type-page","status-publish","hentry"],"acf":[],"_links":{"self":[{"href":"https:\/\/bioma.space\/cafe-uba\/wp-json\/wp\/v2\/pages\/340","targetHints":{"allow":["GET"]}}],"collection":[{"href":"https:\/\/bioma.space\/cafe-uba\/wp-json\/wp\/v2\/pages"}],"about":[{"href":"https:\/\/bioma.space\/cafe-uba\/wp-json\/wp\/v2\/types\/page"}],"author":[{"embeddable":true,"href":"https:\/\/bioma.space\/cafe-uba\/wp-json\/wp\/v2\/users\/1"}],"replies":[{"embeddable":true,"href":"https:\/\/bioma.space\/cafe-uba\/wp-json\/wp\/v2\/comments?post=340"}],"version-history":[{"count":4,"href":"https:\/\/bioma.space\/cafe-uba\/wp-json\/wp\/v2\/pages\/340\/revisions"}],"predecessor-version":[{"id":646,"href":"https:\/\/bioma.space\/cafe-uba\/wp-json\/wp\/v2\/pages\/340\/revisions\/646"}],"wp:attachment":[{"href":"https:\/\/bioma.space\/cafe-uba\/wp-json\/wp\/v2\/media?parent=340"}],"curies":[{"name":"wp","href":"https:\/\/api.w.org\/{rel}","templated":true}]}}