{"id":1048,"date":"2023-09-18T12:13:55","date_gmt":"2023-09-18T17:13:55","guid":{"rendered":"https:\/\/bioma.space\/cafe-uba\/?post_type=product&#038;p=1048"},"modified":"2023-09-19T09:33:14","modified_gmt":"2023-09-19T14:33:14","slug":"honey-2","status":"publish","type":"product","link":"https:\/\/bioma.space\/cafe-uba\/producto\/honey-2\/","title":{"rendered":"Honey"},"content":{"rendered":"<p>Proceso Honey:<\/p>\n<p>Es un proceso desarrollado en la Finca La Riviera, en el cual el caf\u00e9 despu\u00e9s de cosechado se despulpa y se deja fermentar con el muc\u00edlago durante 30 horas, para posteriormente secar sin lavar.<\/p>\n","protected":false},"excerpt":{"rendered":"<p><strong>PERFIL DE TAZA<\/strong><\/p>\n<p>C\u00edtrico \u2013 Miel \u2013 Ca\u00f1a de Azucar<\/p>\n<p><strong>Altitud:<\/strong> 1.750 m.s.n.m.<\/p>\n<p><strong>Proceso:<\/strong> Honey<\/p>\n<p><strong>Variedad:<\/strong> Caturra<\/p>\n","protected":false},"featured_media":852,"template":"","meta":{"site-sidebar-layout":"default","site-content-layout":"default","ast-site-content-layout":"default","site-content-style":"default","site-sidebar-style":"default","ast-global-header-display":"","ast-banner-title-visibility":"","ast-main-header-display":"","ast-hfb-above-header-display":"","ast-hfb-below-header-display":"","ast-hfb-mobile-header-display":"","site-post-title":"","ast-breadcrumbs-content":"","ast-featured-img":"","footer-sml-layout":"","theme-transparent-header-meta":"default","adv-header-id-meta":"","stick-header-meta":"","header-above-stick-meta":"","header-main-stick-meta":"","header-below-stick-meta":"","astra-migrate-meta-layouts":"set"},"product_cat":[86],"product_tag":[],"class_list":["post-1048","product","type-product","status-publish","has-post-thumbnail","hentry","product_cat-cafe","desktop-align-center","tablet-align-left","mobile-align-left"],"acf":[],"_links":{"self":[{"href":"https:\/\/bioma.space\/cafe-uba\/wp-json\/wp\/v2\/product\/1048","targetHints":{"allow":["GET"]}}],"collection":[{"href":"https:\/\/bioma.space\/cafe-uba\/wp-json\/wp\/v2\/product"}],"about":[{"href":"https:\/\/bioma.space\/cafe-uba\/wp-json\/wp\/v2\/types\/product"}],"wp:featuredmedia":[{"embeddable":true,"href":"https:\/\/bioma.space\/cafe-uba\/wp-json\/wp\/v2\/media\/852"}],"wp:attachment":[{"href":"https:\/\/bioma.space\/cafe-uba\/wp-json\/wp\/v2\/media?parent=1048"}],"wp:term":[{"taxonomy":"product_cat","embeddable":true,"href":"https:\/\/bioma.space\/cafe-uba\/wp-json\/wp\/v2\/product_cat?post=1048"},{"taxonomy":"product_tag","embeddable":true,"href":"https:\/\/bioma.space\/cafe-uba\/wp-json\/wp\/v2\/product_tag?post=1048"}],"curies":[{"name":"wp","href":"https:\/\/api.w.org\/{rel}","templated":true}]}}