{"id":809,"date":"2023-09-14T10:54:09","date_gmt":"2023-09-14T15:54:09","guid":{"rendered":"https:\/\/bioma.space\/cafe-uba\/?post_type=product&#038;p=809"},"modified":"2023-09-19T09:37:33","modified_gmt":"2023-09-19T14:37:33","slug":"capitan-mark","status":"publish","type":"product","link":"https:\/\/bioma.space\/cafe-uba\/producto\/capitan-mark\/","title":{"rendered":"Capit\u00e1n Mark"},"content":{"rendered":"<p>Proceso Infusionado:<br \/>\nT\u00e9cnica en la cual durante la \u00faltima etapa de fermentaci\u00f3n del caf\u00e9 se adiciona licor buscando modificar esta etapa fermentativa para obtener un caf\u00e9 con un perfil sensorial \u00fanico.<\/p>\n","protected":false},"excerpt":{"rendered":"<p><strong>PERFIL DE TAZA<\/strong><\/p>\n<p>Roble \u2013 Ron \u2013 Vainilla<\/p>\n<p><strong>Altitud:<\/strong> 1.400 m.s.n.m.<\/p>\n<p><strong>Proceso:<\/strong> Culturing<\/p>\n<p><strong>Variedad:<\/strong> Caturra<\/p>\n","protected":false},"featured_media":1047,"template":"","meta":{"site-sidebar-layout":"default","site-content-layout":"default","ast-site-content-layout":"default","site-content-style":"default","site-sidebar-style":"default","ast-global-header-display":"","ast-banner-title-visibility":"","ast-main-header-display":"","ast-hfb-above-header-display":"","ast-hfb-below-header-display":"","ast-hfb-mobile-header-display":"","site-post-title":"","ast-breadcrumbs-content":"","ast-featured-img":"","footer-sml-layout":"","theme-transparent-header-meta":"default","adv-header-id-meta":"","stick-header-meta":"","header-above-stick-meta":"","header-main-stick-meta":"","header-below-stick-meta":"","astra-migrate-meta-layouts":"set"},"product_cat":[86],"product_tag":[],"class_list":["post-809","product","type-product","status-publish","has-post-thumbnail","hentry","product_cat-cafe","desktop-align-center","tablet-align-left","mobile-align-left"],"acf":[],"_links":{"self":[{"href":"https:\/\/bioma.space\/cafe-uba\/wp-json\/wp\/v2\/product\/809","targetHints":{"allow":["GET"]}}],"collection":[{"href":"https:\/\/bioma.space\/cafe-uba\/wp-json\/wp\/v2\/product"}],"about":[{"href":"https:\/\/bioma.space\/cafe-uba\/wp-json\/wp\/v2\/types\/product"}],"wp:featuredmedia":[{"embeddable":true,"href":"https:\/\/bioma.space\/cafe-uba\/wp-json\/wp\/v2\/media\/1047"}],"wp:attachment":[{"href":"https:\/\/bioma.space\/cafe-uba\/wp-json\/wp\/v2\/media?parent=809"}],"wp:term":[{"taxonomy":"product_cat","embeddable":true,"href":"https:\/\/bioma.space\/cafe-uba\/wp-json\/wp\/v2\/product_cat?post=809"},{"taxonomy":"product_tag","embeddable":true,"href":"https:\/\/bioma.space\/cafe-uba\/wp-json\/wp\/v2\/product_tag?post=809"}],"curies":[{"name":"wp","href":"https:\/\/api.w.org\/{rel}","templated":true}]}}