{"id":816,"date":"2023-09-14T11:09:05","date_gmt":"2023-09-14T16:09:05","guid":{"rendered":"https:\/\/bioma.space\/cafe-uba\/?post_type=product&#038;p=816"},"modified":"2023-09-19T09:36:46","modified_gmt":"2023-09-19T14:36:46","slug":"caturra-nitro","status":"publish","type":"product","link":"https:\/\/bioma.space\/cafe-uba\/producto\/caturra-nitro\/","title":{"rendered":"Caturra Nitro"},"content":{"rendered":"<p>Proceso Nitro:<br \/>\nT\u00e9cnica de fermentaci\u00f3n donde se modifican atm\u00f3sferas en un bioreactor fermentando en combinaci\u00f3n caf\u00e9 despulpado, mosto de fruta y cultivos iniciadores.<\/p>\n","protected":false},"excerpt":{"rendered":"<p><strong>PERFIL DE TAZA<\/strong><\/p>\n<p>Mel\u00f3n \u2013 Sand\u00eda \u2013 Caramelo<\/p>\n<p><strong>Altitud:<\/strong> 1.400 m.s.n.m.<\/p>\n<p><strong>Proceso:<\/strong> Nitro<\/p>\n<p><strong>Variedad:<\/strong> Caturra<\/p>\n","protected":false},"featured_media":833,"template":"","meta":{"site-sidebar-layout":"default","site-content-layout":"default","ast-site-content-layout":"default","site-content-style":"default","site-sidebar-style":"default","ast-global-header-display":"","ast-banner-title-visibility":"","ast-main-header-display":"","ast-hfb-above-header-display":"","ast-hfb-below-header-display":"","ast-hfb-mobile-header-display":"","site-post-title":"","ast-breadcrumbs-content":"","ast-featured-img":"","footer-sml-layout":"","theme-transparent-header-meta":"default","adv-header-id-meta":"","stick-header-meta":"","header-above-stick-meta":"","header-main-stick-meta":"","header-below-stick-meta":"","astra-migrate-meta-layouts":"set"},"product_cat":[86],"product_tag":[],"class_list":["post-816","product","type-product","status-publish","has-post-thumbnail","hentry","product_cat-cafe","desktop-align-center","tablet-align-left","mobile-align-left"],"acf":[],"_links":{"self":[{"href":"https:\/\/bioma.space\/cafe-uba\/wp-json\/wp\/v2\/product\/816","targetHints":{"allow":["GET"]}}],"collection":[{"href":"https:\/\/bioma.space\/cafe-uba\/wp-json\/wp\/v2\/product"}],"about":[{"href":"https:\/\/bioma.space\/cafe-uba\/wp-json\/wp\/v2\/types\/product"}],"wp:featuredmedia":[{"embeddable":true,"href":"https:\/\/bioma.space\/cafe-uba\/wp-json\/wp\/v2\/media\/833"}],"wp:attachment":[{"href":"https:\/\/bioma.space\/cafe-uba\/wp-json\/wp\/v2\/media?parent=816"}],"wp:term":[{"taxonomy":"product_cat","embeddable":true,"href":"https:\/\/bioma.space\/cafe-uba\/wp-json\/wp\/v2\/product_cat?post=816"},{"taxonomy":"product_tag","embeddable":true,"href":"https:\/\/bioma.space\/cafe-uba\/wp-json\/wp\/v2\/product_tag?post=816"}],"curies":[{"name":"wp","href":"https:\/\/api.w.org\/{rel}","templated":true}]}}